{"id":800,"date":"2020-03-22T10:27:57","date_gmt":"2020-03-22T09:27:57","guid":{"rendered":"http:\/\/studiozawada.pl\/sklep\/?page_id=800"},"modified":"2021-04-21T10:29:17","modified_gmt":"2021-04-21T08:29:17","slug":"regulamin","status":"publish","type":"page","link":"https:\/\/studiozawada.pl\/sklep\/regulamin\/","title":{"rendered":"Regulamin"},"content":{"rendered":"<p>[vc_row][vc_column][vc_empty_space height=&#8221;50px&#8221;][vc_column_text]<\/p>\n<h3 style=\"text-align: center;\"><strong>\u00a71 Wst\u0119p<\/strong><\/h3>\n<p>1. Niniejszy dokument reguluje zasady funkcjonowania sklepu internetowego<br \/>\n(dalej:Sklep) i zawierania um\u00f3w sprzeda\u017cy towar\u00f3w za po\u015brednictwem Sklepu.<br \/>\n2. Przedmiotem dzia\u0142alno\u015bci Sklepu jest sprzeda\u017c mebli. Wszystkie produkty dost\u0119pne w Sklepie s\u0105 fabrycznie nowe.<br \/>\n3. Ilekro\u0107 w niniejszym Regulaminie jest mowa o:<br \/>\n\u25aa Sprzedawcy &#8211; nale\u017cy przez to rozumie\u0107: O.M.S.Design,S\u0142awomir Ci\u0119\u017cki, 98-345 Mokrsko, Mokrsko 305 E, wpisan\u0105 do CEIDG, NIP 8321906582, REGON 388361852<br \/>\n\u25aa Sklepie \u2013 nale\u017cy przez to rozumie\u0107 sklep internetowy znajduj\u0105cy si\u0119 pod adresem www.omsdesign.pl za po\u015brednictwem kt\u00f3rego mo\u017cna nabywa\u0107 towary Sprzedawcy,<br \/>\n\u25aa Towarze \u2013 nale\u017cy przez to rozumie\u0107 wszystkie produkty sprzedawane on-line i offline za po\u015brednictwem Sklepu,<br \/>\n\u25aa Kupuj\u0105cym \u2013 nale\u017cy przez to rozumie\u0107 pe\u0142noletnie osoby fizyczne, posiadaj\u0105ce pe\u0142n\u0105 zdolno\u015b\u0107 do czynno\u015bci prawnych, a tak\u017ce osoby prawne oraz jednostki organizacyjne nie posiadaj\u0105ce osobowo\u015bci prawnej, kt\u00f3rym Konsumencie \u2013 nale\u017cy przez to rozumie\u0107 osob\u0119 fizyczn\u0105 dokonuj\u0105c\u0105 z przedsi\u0119biorc\u0105 czynno\u015bci prawnej niezwi\u0105zanej bezpo\u015brednio z jej dzia\u0142alno\u015bci\u0105 gospodarcz\u0105 lub zawodow\u0105, w my\u015bl art. 221 kodeksu cywilnego. Kodeks cywilny przyznaje zdolno\u015b\u0107 prawn\u0105.<br \/>\n4 W celu wykonania um\u00f3w zawartych za po\u015brednictwem Sklepu, kontakt mi\u0119dzy Sprzedawc\u0105, a Kupuj\u0105cym b\u0119dzie si\u0119 odbywa\u0142 za po\u015brednictwem poczty elektronicznej, telefonicznie lub za pomoc\u0105 formularzy kontaktowych znajduj\u0105cych si\u0119 na stronie internetowej www.omsdesign.pl<br \/>\n5 Kupuj\u0105cy mo\u017ce kontaktowa\u0107 si\u0119 ze Sprzedawc\u0105 listownie na adres korespondencyjny: 98-345 Mokrsko,Mokrsko 305e, na adres mailowy: o.m.s.design.ciezki@gmail.com, telefonicznie pod nr: 782127584 lub korzystaj\u0105c z danych kontaktowych znajduj\u0105cych si\u0119 w zak\u0142adce Kontakt na stronie www.omsdesign.pl<br \/>\n6 Sprzedawca o\u015bwiadcza, \u017ce jest p\u0142atnikiem podatku VAT.<\/p>\n<h3 style=\"text-align: center;\"><strong>\u00a72 Og\u00f3lne zasady korzystania ze Sklepu<\/strong><\/h3>\n<p>1. Oferta Sklepu obowi\u0105zuje tylko na terenie Polski. Wszystkie umowy zawarte za po\u015brednictwem Sklepu s\u0105 zawierane wy\u0142\u0105cznie w j\u0119zyku polskim.<br \/>\n2. Rejestracja w Sklepie jest niezb\u0119dna do dokonywania zakup\u00f3w towar\u00f3w on-line za po\u015brednictwem Sklepu.<br \/>\n3. Wszystkie ceny podane w Sklepie wyra\u017cone s\u0105 w z\u0142otych polskich (PLN) i zawieraj\u0105 podatek od towar\u00f3w i us\u0142ug (VAT) wed\u0142ug stawki okre\u015blonej zgodnie z aktualnie obowi\u0105zuj\u0105cymi przepisami.<br \/>\n4. Informacje o towarach podane na stronie Sklepu, w szczeg\u00f3lno\u015bci takie jak ich opisy, parametry techniczne i u\u017cytkowe oraz ceny, stanowi\u0105 jedynie zaproszenie do zawarcia umowy w rozumieniu art. 71 kodeksu cywilnego.<br \/>\n5. Sprzedawca zastrzega, \u017ce ze wzgl\u0119d\u00f3w technologicznych dopuszczalne s\u0105 r\u00f3\u017cnice w odcieniach kolor\u00f3w. Dodatkowo widoczna na ekranie monitora kolorystyka mo\u017ce nieznacznie odbiega\u0107 od oryginalnej kolorystyki tkanin z powodu r\u00f3\u017cnych rodzaj\u00f3w monitor\u00f3w oraz ich skalibrowania.<br \/>\n6. Z\u0142o\u017cenie zam\u00f3wienia za po\u015brednictwem Sklepu jest r\u00f3wnoznaczne z upowa\u017cnieniem Sprzedawcy do wystawienia faktury bez konieczno\u015bci uzyskania podpisu Kupuj\u0105cego.<br \/>\n7. W przypadku naruszenia przez Kupuj\u0105cego przepis\u00f3w prawa, postanowie\u0144 niniejszego Regulaminu lub zasad Polityki Prywatno\u015bci, a tak\u017ce w przypadku post\u0119powania przez Kupuj\u0105cego w spos\u00f3b utrudniaj\u0105cy prac\u0119 Sklepu lub b\u0119d\u0105cy uci\u0105\u017cliwym dla innych Kupuj\u0105cych, Sprzedawca ma prawo pozbawi\u0107 Kupuj\u0105cego prawa do korzystania ze Sklepu, jak i ograniczy\u0107 mu dost\u0119p do ca\u0142o\u015bci lub cz\u0119\u015bci towar\u00f3w oferowanych w Sklepie.<\/p>\n<h3 style=\"text-align: center;\"><strong>\u00a73 Zasady sk\u0142adania zam\u00f3wie\u0144<\/strong><\/h3>\n<p>Z\u0142o\u017cenie zam\u00f3wienia na towary oferowane w Sklepie jest mo\u017cliwe on-line za po\u015brednictwem Sklepu pod adresem: www.omsdesign.pl<br \/>\n1. Warunkiem realizacji zam\u00f3wienia jest prawid\u0142owe wype\u0142nienie formularza zam\u00f3wienia, znajduj\u0105cego si\u0119 na stronie Sklepu, z podaniem wszystkich wymaganych danych Kupuj\u0105cego, w tym imienia, nazwiska, adresu, korespondencyjnego, a tak\u017ce adresu dostawy, numeru telefonu oraz adresu e-mail. Konieczno\u015b\u0107 podania powy\u017cszych danych Kupuj\u0105cego dotyczy tak\u017ce zam\u00f3wie\u0144 sk\u0142adanych za po\u015brednictwem poczty elektronicznej lub telefonicznie.<br \/>\n2. Zam\u00f3wienie z\u0142o\u017cone przez Kupuj\u0105cego wymaga potwierdzenia jego przyj\u0119cia przez Sprzedawc\u0119. Sprzedawca potwierdza przyj\u0119cie zam\u00f3wienia za pomoc\u0105 poczty elektronicznej na adres e-mail podany przez Kupuj\u0105cego do 24 godzin od jego z\u0142o\u017cenia.<br \/>\n3. Kupuj\u0105cy mo\u017ce dokonywa\u0107 zmian w zam\u00f3wieniu lub je anulowa\u0107 do momentu potwierdzenia przyj\u0119cia zam\u00f3wienia do realizacji przez Sprzedawc\u0119.<br \/>\n4. W przypadku braku mo\u017cliwo\u015bci potwierdzenia zam\u00f3wienia z winy Kupuj\u0105cego, w szczeg\u00f3lno\u015bci na skutek podania b\u0142\u0119dnych danych kontaktowych przez Kupuj\u0105cego (np. nr telefonu lub adresu e-mail), zam\u00f3wienie zostanie anulowanie w ci\u0105gu 3 dni roboczych.<br \/>\n5. Z\u0142o\u017cenie zam\u00f3wienia z obowi\u0105zkiem zap\u0142aty jest wi\u0105\u017c\u0105ce i zobowi\u0105zuje Kupuj\u0105cego do odbioru towaru i zap\u0142aty za dostarczony mu towar.<\/p>\n<h3 style=\"text-align: center;\"><strong>\u00a74 Czas realizacji zam\u00f3wie\u0144<\/strong><\/h3>\n<p>1. W trosce o zadowolenie klient\u00f3w Sprzedawca do\u0142o\u017cy wszelkich stara\u0144, aby oferta Sklepu by\u0142a aktualizowana na bie\u017c\u0105co, a towary znajduj\u0105ce si\u0119 w ofercie Sklepu by\u0142y dost\u0119pne.<br \/>\n2. Czas realizacji zam\u00f3wienia jest \u015bci\u015ble okre\u015blony w ofercie i wynosi od 14 dni roboczych od momentu zaksi\u0119gowania nale\u017cno\u015bci na koncie Sprzedawcy, a w przypadku wybrania jako formy p\u0142atno\u015bci op\u0142aty za pobraniem, od momentu potwierdzenia przyj\u0119cia zam\u00f3wienia do realizacji przez Sprzedawc\u0119.<br \/>\n3. W przypadku towar\u00f3w, kt\u00f3re nie znajduj\u0105 si\u0119 w magazynie Sprzedawcy, ich termin realizacji mo\u017ce ulec wyd\u0142u\u017ceniu w zale\u017cno\u015bci od czasu dostarczenia tych towar\u00f3w przez dostawc\u00f3w, o czym Kupuj\u0105cy zostanie poinformowany za po\u015brednictwem poczty elektronicznej.<br \/>\n4. Je\u017celi sprowadzenie zam\u00f3wionych przez Kupuj\u0105cego towar\u00f3w wymaga wi\u0119cej czasu, Kupuj\u0105cy zostanie poinformowany o tym fakcie oraz o planowanym terminie dostawy, za pomoc\u0105 poczty elektronicznej na wskazany przez Kupuj\u0105cego adres e-mail.<\/p>\n<h3 style=\"text-align: center;\"><strong>\u00a75 Dostawa<\/strong><\/h3>\n<p>1. Towar oferowany za po\u015brednictwem Sklepu jest dostarczany na terenie ca\u0142ej Polski. Koszt dostawy wynosi 60 z\u0142 (w przypadku zakupu foteli) lub jest gratis (w przypadku zakupu mebli loftowych).<br \/>\n2. Wszystkie dostawy realizujemy za pomoc\u0105 kuriera, kt\u00f3ry dostarcza zam\u00f3wione towary pod wskazany przez Kupuj\u0105cego w formularzu adres.<br \/>\n3. Je\u015bli Kupuj\u0105cy wybra\u0142 jako form\u0119 p\u0142atno\u015bci przelew na konto, towar zastaje przekazany do realizacji dopiero po zaksi\u0119gowaniu wp\u0142aty Kupuj\u0105cego na koncie Sprzedawcy.<br \/>\n4. UWAGA! W przypadku wybrania opcji dostawy przez firm\u0119 kuriersk\u0105 dostawa towaru nie obejmuje wniesienia towaru do miejsca przeznaczenia, nale\u017cy wi\u0119c zapewni\u0107 odpowiedni\u0105 ilo\u015b\u0107 os\u00f3b do wniesienia towaru do miejsca przeznaczenia.<br \/>\n5. Mo\u017cliwy jest odbi\u00f3r osobisty.<\/p>\n<h3 style=\"text-align: center;\"><strong>\u00a76 Formy p\u0142atno\u015bci<\/strong><\/h3>\n<p>1. Dokonuj\u0105c zakupu towaru w Sklepie, Kupuj\u0105cy ma prawo wyboru formy p\u0142atno\u015bci spo\u015br\u00f3d dost\u0119pnych opcji:<br \/>\na) p\u0142atno\u015b\u0107 za pobraniem \u2013 op\u0142ata uiszczania jest got\u00f3wk\u0105 kurierowi przy odbiorze towaru.<br \/>\nb) p\u0142atno\u015b\u0107 z g\u00f3ry \u2013 poprzez szybki przelew internetowy za po\u015brednictwem systemu PayPal lub PayU, Blik.<\/p>\n<h3 style=\"text-align: center;\"><strong>\u00a77 Reklamacje<\/strong><\/h3>\n<p>1. Sprzedawca ponosi odpowiedzialno\u015b\u0107 wzgl\u0119dem Kupuj\u0105cego za wady fizyczne i prawne sprzedanego towaru na zasadach wskazanych w przepisach kodeksu cywilnego, w szczeg\u00f3lno\u015bci w art. 556 oraz art. 5561 \u2013 5563 k.c.<br \/>\n2. Je\u017celi towar sprzedany za po\u015brednictwem Sklepu ma wady, Kupuj\u0105cy ma prawo z\u0142o\u017cy\u0107 reklamacj\u0119 u Sprzedawcy. Reklamacji nie podlegaj\u0105 wady wynikaj\u0105ce z nieprawid\u0142owego u\u017cytkowania towaru przez Kupuj\u0105cego.<br \/>\n3. Kupuj\u0105cy mo\u017ce z\u0142o\u017cy\u0107 reklamacj\u0119:<br \/>\na) osobi\u015bcie w firmie Sprzedawcy pod adresem: 98-345 Mokrsko, Mokrsko305E,<br \/>\nb) poczt\u0105 na adres korespondencyjny Sprzedawcy: 98-345 Mokrsko, Mokrsko 305E<br \/>\n4. Reklamacja powinna zawiera\u0107: dane Kupuj\u0105cego (imi\u0119, nazwisko, adres umo\u017cliwiaj\u0105cy kontakt z Kupuj\u0105cym), wskazanie reklamowanego towaru i dat\u0119 jego odbioru oraz opis zg\u0142aszanych zastrze\u017ce\u0144. Je\u017celi dane podane w reklamacji s\u0105 niewystarczaj\u0105ce lub wymagaj\u0105 uzupe\u0142nienia Sprzedawca, przed rozpoznaniem reklamacji, zwr\u00f3ci si\u0119 do Kupuj\u0105cego o uzupe\u0142nienie reklamacji we wskazanym zakresie. Za\u0142\u0105czenie do reklamacji kopii paragonu lub faktury u\u0142atwi jej rozpoznanie.<br \/>\n5. Termin rozpoznania reklamacji wynosi 14 dni od daty jej otrzymania przez Sprzedawc\u0119 w prawid\u0142owej postaci. Odpowied\u017a na reklamacj\u0119 jest wysy\u0142ana poczt\u0105 na adres podany przez Kupuj\u0105cego, a w przypadku podania adresu e-mail jako adresu do korespondencji, za po\u015brednictwem poczty e-mail.<br \/>\n6. W przypadku gdy towar kupiony za po\u015brednictwem Sklepu ma wad\u0119, Kupuj\u0105cy mo\u017ce skorzysta\u0107 z uprawnie\u0144 przewidzianych w przepisach kodeksu cywilnego dotycz\u0105cych r\u0119kojmi za wady, zawartych w przepisach art. 556 \u2013 576 kodeksu cywilnego. Sprzedawca odpowiada z tytu\u0142u r\u0119kojmi za wad\u0119 fizyczn\u0105 towaru, je\u017celi wada zosta\u0142a stwierdzona w okresie roku od daty wydania towaru Kupuj\u0105cemu.<br \/>\n7. W przypadku gdy Sprzedawca uzna\u0142 reklamacj\u0119 Kupuj\u0105cego, a towar ma zosta\u0107 naprawiony lub wymieniony na nowy, towar nale\u017cy w miar\u0119 mo\u017cliwo\u015bci zapakowa\u0107 wraz z pe\u0142nym wyposa\u017ceniem dodatkowym, kt\u00f3ry Kupuj\u0105cy otrzyma\u0142 przy zakupie. Po spakowaniu towaru nale\u017cy powiadomi\u0107 Sprzedawc\u0119, aby m\u00f3g\u0142 zam\u00f3wi\u0107 kuriera w celu odebrania towaru od Kupuj\u0105cego.<br \/>\n8. Roszczenie Kupuj\u0105cego o usuni\u0119cie wady lub wymian\u0119 rzeczy przedawnia si\u0119 z up\u0142ywem roku, licz\u0105c od dnia stwierdzenia wady. Je\u017celi Kupuj\u0105cym jest konsument, bieg terminu przedawnienia nie mo\u017ce zako\u0144czy\u0107 si\u0119 przed up\u0142ywem dw\u00f3ch lat od daty wydania towaru Kupuj\u0105cemu.<br \/>\n9. Sprzedawca nie ponosi odpowiedzialno\u015bci za szkody spowodowane pomy\u0142kami pope\u0142nionymi przez Kupuj\u0105cego przy sk\u0142adaniu zam\u00f3wienia, a tak\u017ce za nieuzasadnion\u0105 odmow\u0119 odbioru towaru. W takiej sytuacji koszty zwi\u0105zane z ponown\u0105 wysy\u0142k\u0105 towaru ponosi Kupuj\u0105cy.<br \/>\nPodczas odbioru towaru prosimy o sprawdzenie czy przesy\u0142ka lub jej opakowanie nie posiada widocznych uszkodze\u0144. W razie stwierdzenia jakichkolwiek uszkodze\u0144 prosimy o sporz\u0105dzenie protoko\u0142u reklamacyjnego w obecno\u015bci kuriera. U\u0142atwi to w znaczny spos\u00f3b p\u00f3\u017aniejsze dochodzenie roszcze\u0144 przez Sprzedawc\u0119 od firmy kurierskiej.<\/p>\n<h3 style=\"text-align: center;\"><strong>\u00a78 Gwarancja<\/strong><\/h3>\n<p>1. Wszystkie towary sprzedawane za po\u015brednictwem Sklepu s\u0105 obj\u0119te 12 miesi\u0119czn\u0105 gwarancj\u0105 jako\u015bci Sprzedawcy. Termin gwarancji liczony jest od daty wydania rzeczy Kupuj\u0105cemu.<br \/>\n2. Udzielenie przez Sprzedawc\u0119 gwarancji na towar w \u017caden spos\u00f3b nie wy\u0142\u0105cza, nie ogranicza, ani nie zawiesza uprawnie\u0144 Kupuj\u0105cego wynikaj\u0105cych z przepis\u00f3w o r\u0119kojmi za wady rzeczy sprzedanej.<br \/>\n3. Odpowiedzialno\u015b\u0107 z tytu\u0142u gwarancji obejmuje tylko wady powsta\u0142e z przyczyn tkwi\u0105cych w sprzedanym towarze.<\/p>\n<h3 style=\"text-align: center;\"><strong>\u00a79 Odst\u0105pienie od umowy<\/strong><\/h3>\n<p>1. Klient mo\u017ce odst\u0105pi\u0107 od Umowy w terminie 14 dni od otrzymania towaru bez podania jakiejkolwiek przyczyny. Wyj\u0105tek stanowi\u0105 produkty przygotowane indywidualnie pod zam\u00f3wienie Klienta wykonane na specjalne zam\u00f3wienie.<br \/>\n2. O\u015bwiadczenie o odst\u0105pieniu od umowy musi zosta\u0107 przes\u0142ane za po\u015brednictwem formularza odst\u0105pienia od umowy przes\u0142anego w formie pisemnej na adres email: biuro@omsdesing.pl przy czym za dzie\u0144 z\u0142o\u017cenia o\u015bwiadczenia o odst\u0105pieniu od umowy uznajemy dzie\u0144 nadania o\u015bwiadczenia. O\u015bwiadczenie musi by\u0107 nadane przed up\u0142ywem 14 dni od daty otrzymania towaru.<br \/>\n3. Zwrot towaru jest mo\u017cliwy tylko w\u00f3wczas, gdy towar nie by\u0142 u\u017cywany, kopiowany ani nie zosta\u0142 w \u017caden spos\u00f3b zniszczony.<br \/>\n4. Zwrotu p\u0142atno\u015bci za towar Sklep dokonuje niezw\u0142ocznie, nie p\u00f3\u017aniej ni\u017c w ci\u0105gu 14 dni od daty otrzymania o\u015bwiadczenia Klienta o odst\u0105pieniu od umowy z zastrze\u017ceniem, \u017ce w tym czasie Klient zwr\u00f3ci\u0142 towar do Sklepu. Zwrot p\u0142atno\u015bci nast\u0119puje przy u\u017cyciu takich samych sposob\u00f3w p\u0142atno\u015bci, jakie zosta\u0142y u\u017cyte przez Klienta przy zakupie, chyba, \u017ce Klient wyra\u017anie wskaza\u0142 inna form\u0119 zwrotu p\u0142atno\u015bci.<\/p>\n<h3 style=\"text-align: center;\"><strong>\u00a710 \u015awiadczenie us\u0142ug drog\u0105 elektroniczn\u0105<\/strong><\/h3>\n<p>1. Administratorem danych osobowych przekazanych przez U\u017cytkownika podczas korzystania z us\u0142ug Serwisu jest Us\u0142ugodawca.<br \/>\n2. Dane osobowe U\u017cytkownika przetwarzane s\u0105 na podstawie umowy i w celu jej realizacji oraz na podstawie zgody, na zasadach okre\u015blonych w og\u00f3lnym rozporz\u0105dzeniu o ochronie danych (RODO).<br \/>\n3. Umowa o zawarcie us\u0142ug drog\u0105 elektroniczn\u0105 zostaje zawarta z chwil\u0105:<br \/>\n\u2022 dokonania rejestracji w Sklepie i zaakceptowania Regulaminu przez Kupuj\u0105cego \u2013 dla Kupuj\u0105cych zarejestrowanych w Sklepie,<br \/>\n\u2022 z chwil\u0105 rozpocz\u0119cia korzystania ze Sklepu przez Kupuj\u0105cego \u2013 dla Kupuj\u0105cych niezarejestrowanych w Sklepie,<br \/>\n4. 4.Umowa o \u015bwiadczenie us\u0142ug drog\u0105 elektroniczn\u0105 zostaje zawarta na czas nieokre\u015blony. Kupuj\u0105cy ma prawo rozwi\u0105za\u0107 umow\u0119 bez podawania przyczyn, ze skutkiem natychmiastowym.<br \/>\n5. 5.Minimalne wymagania techniczne niezb\u0119dne do korzystania ze Sklepu to: urz\u0105dzenie z dost\u0119pem do sieci Internet, zainstalowana i zaktualizowana wersja przegl\u0105darki internetowej np. Google Chrome, Internet Explorer, Firefox, Opera, Safari z w\u0142\u0105czon\u0105 obs\u0142ug\u0105 JavaScript oraz w\u0142\u0105czon\u0105 obs\u0142ug\u0105 plik\u00f3w typu cookies, a tak\u017ce aktywne konto poczty elektronicznej (e-mail).<br \/>\n6. W przypadku naruszenia przez Kupuj\u0105cego przepis\u00f3w prawa, postanowie\u0144 niniejszego Regulaminu lub zasad Polityki Prywatno\u015bci, a tak\u017ce w przypadku post\u0119powania przez Kupuj\u0105cego w spos\u00f3b utrudniaj\u0105cy prac\u0119 Sklepu lub b\u0119d\u0105cy uci\u0105\u017cliwym dla innych Kupuj\u0105cych, Sprzedawca ma prawo pozbawi\u0107 Kupuj\u0105cego prawa do korzystania ze Sklepu, jak i ograniczy\u0107 mu dost\u0119p do niekt\u00f3rych funkcjonalno\u015bci Sklepu.<br \/>\n7. Sprzedawca informuje, \u017ce Sklep wykorzystuje pliki typu cookie\u2019s w celu gromadzenia informacji zwi\u0105zanych z korzystaniem ze Sklepu przez Kupuj\u0105cych, w tym aby umo\u017cliwi\u0107 Kupuj\u0105cym zapami\u0119tanie danych logowania, utrzymywa\u0107 rozpocz\u0119te sesje przez Kupuj\u0105cych, a tak\u017ce w celu tworzenia statystyk ogl\u0105dalno\u015bci materia\u0142\u00f3w zamieszczonych w Sklepie oraz badania preferencji Kupuj\u0105cych.<br \/>\n8. Sprzedawca nie ponosi odpowiedzialno\u015bci za zak\u0142\u00f3cenia w dzia\u0142aniu Sklepu spowodowane dzia\u0142aniem si\u0142y wy\u017cszej, awari\u0105 \u0142\u0105czy lub sprz\u0119tu nienale\u017c\u0105cego do Sprzedawcy, a tak\u017ce wywo\u0142ane niedozwolon\u0105 ingerencj\u0105 Kupuj\u0105cych.<br \/>\n9. Sprzedawca nie ponosi odpowiedzialno\u015bci za czasowy brak mo\u017cliwo\u015bci korzystania przez Kupuj\u0105cych ze Sklepu spowodowany prowadzonymi pracami konserwacyjnymi, wprowadzaniem ulepsze\u0144 lub zmian na stronie Sklepu. Sprzedawca b\u0119dzie w miar\u0119 mo\u017cliwo\u015bci informowa\u0142 o planowanych przerwach technicznych i czasie ich trwania, poprzez zamieszczanie odpowiednich komunikat\u00f3w na stronie Sklepu.<\/p>\n<h3 style=\"text-align: center;\"><strong>\u00a711 Postanowienia ko\u0144cowe<\/strong><\/h3>\n<p>1. Podane przez Kupuj\u0105cych dane osobowe s\u0105 zbierane i przetwarzane przez Sprzedawc\u0119 zgodnie z obowi\u0105zuj\u0105cymi przepisami prawa oraz zasadami Polityki Prywatno\u015bci zamieszczonej na stronie www.omsdesign.pl<\/p>\n<p><strong>Regulamin sklepu \u2013 data publikacji: 04.2021 r.<\/strong>[\/vc_column_text][vc_empty_space height=&#8221;50px&#8221;][\/vc_column][\/vc_row]<\/p>\n","protected":false},"excerpt":{"rendered":"<p>[vc_row][vc_column][vc_empty_space height=&#8221;50px&#8221;][vc_column_text] \u00a71 Wst\u0119p 1. Niniejszy dokument reguluje zasady funkcjonowania sklepu internetowego (dalej:Sklep) i zawierania um\u00f3w sprzeda\u017cy towar\u00f3w za po\u015brednictwem Sklepu. 2. Przedmiotem dzia\u0142alno\u015bci Sklepu jest sprzeda\u017c mebli. Wszystkie produkty dost\u0119pne w Sklepie s\u0105 fabrycznie nowe. 3. Ilekro\u0107 w niniejszym Regulaminie jest mowa o: \u25aa Sprzedawcy &#8211; nale\u017cy przez to rozumie\u0107: O.M.S.Design,S\u0142awomir Ci\u0119\u017cki, 98-345 Mokrsko, &hellip; <br \/><a href=\"https:\/\/studiozawada.pl\/sklep\/regulamin\/\" class=\"more-link\">Kontynuuj czytanie <span class=\"screen-reader-text\">Regulamin<\/span><\/a><\/p>\n","protected":false},"author":11,"featured_media":0,"parent":0,"menu_order":0,"comment_status":"closed","ping_status":"open","template":"","meta":[],"_links":{"self":[{"href":"https:\/\/studiozawada.pl\/sklep\/wp-json\/wp\/v2\/pages\/800"}],"collection":[{"href":"https:\/\/studiozawada.pl\/sklep\/wp-json\/wp\/v2\/pages"}],"about":[{"href":"https:\/\/studiozawada.pl\/sklep\/wp-json\/wp\/v2\/types\/page"}],"author":[{"embeddable":true,"href":"https:\/\/studiozawada.pl\/sklep\/wp-json\/wp\/v2\/users\/11"}],"replies":[{"embeddable":true,"href":"https:\/\/studiozawada.pl\/sklep\/wp-json\/wp\/v2\/comments?post=800"}],"version-history":[{"count":9,"href":"https:\/\/studiozawada.pl\/sklep\/wp-json\/wp\/v2\/pages\/800\/revisions"}],"predecessor-version":[{"id":1472,"href":"https:\/\/studiozawada.pl\/sklep\/wp-json\/wp\/v2\/pages\/800\/revisions\/1472"}],"wp:attachment":[{"href":"https:\/\/studiozawada.pl\/sklep\/wp-json\/wp\/v2\/media?parent=800"}],"curies":[{"name":"wp","href":"https:\/\/api.w.org\/{rel}","templated":true}]}}