{"id":385,"date":"2017-10-20T07:56:30","date_gmt":"2017-10-20T07:56:30","guid":{"rendered":"http:\/\/demoapus-wp.com\/greenorganic\/?page_id=385"},"modified":"2021-04-16T12:53:10","modified_gmt":"2021-04-16T10:53:10","slug":"o-nas","status":"publish","type":"page","link":"https:\/\/studiozawada.pl\/sklep\/o-nas\/","title":{"rendered":"Dowiedz si\u0119 o nas wi\u0119cej"},"content":{"rendered":"<p>[vc_row][vc_column][vc_row_inner][vc_column_inner][\/vc_column_inner][\/vc_row_inner][vc_empty_space height=&#8221;35px&#8221; el_class=&#8221;hidden-xs hidden-sm&#8221;][vc_empty_space height=&#8221;35px&#8221;][apus_title_heading style=&#8221;default&#8221; title=&#8221;Meble tworzone z pasji!&#8221;][\/apus_title_heading][vc_empty_space height=&#8221;30px&#8221;][vc_row_inner][vc_column_inner width=&#8221;2\/3&#8243;][vc_single_image image=&#8221;1428&#8243; img_size=&#8221;large&#8221;][\/vc_column_inner][vc_column_inner width=&#8221;1\/3&#8243;][vc_empty_space height=&#8221;50px&#8221;][vc_column_text]Lorem ipsum dolor sit amet, consectetur adipiscing elit. Nunc eu sem iaculis, rhoncus leo sit amet, dapibus metus. Nulla blandit consequat libero, vel imperdiet enim eleifend nec. Fusce id molestie quam, ut rhoncus orci. Vestibulum vitae orci a lorem fermentum facilisis id ac tellus. Mauris eu pulvinar nisi, nec iaculis nulla. Sed vel tincidunt ex. Praesent est leo, tempor vitae eros luctus, blandit ullamcorper dolor. Vivamus pellentesque ullamcorper urna et blandit. Nullam eget pellentesque ipsum. Donec quis nisi massa. Aenean sit amet nulla arcu. Sed lobortis leo quis nulla gravida aliquet. Fusce tempus hendrerit nibh, a vulputate est convallis non. Quisque vitae lacus vel diam rhoncus accumsan quis sed sem. Nulla facilisi.[\/vc_column_text][\/vc_column_inner][\/vc_row_inner][vc_empty_space height=&#8221;100px&#8221;][\/vc_column][\/vc_row][vc_row disable_element=&#8221;yes&#8221;][vc_column][vc_column_text]Szef Kuchni Andrzej Dzik czuwa nad ka\u017cdym szczeg\u00f3\u0142em, aby sprosta\u0107 wymaganiom naszych Klient\u00f3w. Przygotowywane przez niego potrawy zaskocz\u0105 Ci\u0119 oryginalno\u015bci\u0105 i niepowtarzalnym smakiem. W menu bogactwo smak\u00f3w kuchni mi\u0119dzynarodowej spotyka si\u0119 z tradycyjn\u0105 kuchni\u0105 polsk\u0105. Wa\u017cnym elementem kunsztu kulinarnego Andrzeja Dzika s\u0105 potrawy przygotowywane z dziczyzny. Potwierdzaj\u0105 to nagrody zdobyte przez Restauracj\u0119 Palupe w konkursach kulinarnych. Gor\u0105co polecamy r\u00f3\u017cne rodzaje pol\u0119dwic, a w szczeg\u00f3lno\u015bci prawdziwy rarytas: pol\u0119dwic\u0119 z jelenia.[\/vc_column_text][vc_empty_space height=&#8221;30px&#8221;][apus_title_heading style=&#8221;default&#8221; title=&#8221;Wyj\u0105tkowe potrawy dla ka\u017cdego&#8221;][\/apus_title_heading][vc_empty_space height=&#8221;30px&#8221;][vc_column_text]W naszej karcie menu znajduj\u0105 si\u0119 potrawy na ka\u017cdy portfel i podniebienie. Ka\u017cdego dnia przygotowujemy zestawy obiadowe w cenach od 16 do 28 z\u0142. Serwujemy wyj\u0105tkow\u0105 w regionie pizze, na cie\u015bcie przygotowanym wed\u0142ug specjalnej receptury, kt\u00f3rej w karcie znajd\u0105 Pa\u0144stwo, a\u017c 23 rodzaje. Na ugaszenie pragnienia polecamy lokalne produkty piwowarskie, produkcji Browaru Fuhrmann S.A. W restauracji stale dzia\u0142a Drink Bar, serwujemy ciasta, desery, lody, kawy i napoje. W soboty organizujemy dyskoteki. Zainteresowane osoby mog\u0105 zorganizowa\u0107 u nas przyj\u0119cia okoliczno\u015bciowe i bankiety. Ju\u017c dzi\u015b szczeg\u00f3lnie gor\u0105co zapraszamy Pa\u0144stwa do Restauracji Palupe i Po\u0142czyna-Zdroju.[\/vc_column_text][vc_empty_space height=&#8221;30px&#8221;][vc_empty_space height=&#8221;70px&#8221;][\/vc_column][\/vc_row]<\/p>\n","protected":false},"excerpt":{"rendered":"<p>[vc_row][vc_column][vc_row_inner][vc_column_inner][\/vc_column_inner][\/vc_row_inner][vc_empty_space height=&#8221;35px&#8221; el_class=&#8221;hidden-xs hidden-sm&#8221;][vc_empty_space height=&#8221;35px&#8221;][apus_title_heading style=&#8221;default&#8221; title=&#8221;Meble tworzone z pasji!&#8221;][\/apus_title_heading][vc_empty_space height=&#8221;30px&#8221;][vc_row_inner][vc_column_inner width=&#8221;2\/3&#8243;][vc_single_image image=&#8221;1428&#8243; img_size=&#8221;large&#8221;][\/vc_column_inner][vc_column_inner width=&#8221;1\/3&#8243;][vc_empty_space height=&#8221;50px&#8221;][vc_column_text]Lorem ipsum dolor sit amet, consectetur adipiscing elit. Nunc eu sem iaculis, rhoncus leo sit amet, dapibus metus. Nulla blandit consequat libero, vel imperdiet enim eleifend nec. Fusce id molestie quam, ut rhoncus orci. Vestibulum vitae orci a lorem fermentum &hellip; <br \/><a href=\"https:\/\/studiozawada.pl\/sklep\/o-nas\/\" class=\"more-link\">Kontynuuj czytanie <span class=\"screen-reader-text\">Dowiedz si\u0119 o nas wi\u0119cej<\/span><\/a><\/p>\n","protected":false},"author":11,"featured_media":0,"parent":0,"menu_order":0,"comment_status":"closed","ping_status":"closed","template":"","meta":[],"_links":{"self":[{"href":"https:\/\/studiozawada.pl\/sklep\/wp-json\/wp\/v2\/pages\/385"}],"collection":[{"href":"https:\/\/studiozawada.pl\/sklep\/wp-json\/wp\/v2\/pages"}],"about":[{"href":"https:\/\/studiozawada.pl\/sklep\/wp-json\/wp\/v2\/types\/page"}],"author":[{"embeddable":true,"href":"https:\/\/studiozawada.pl\/sklep\/wp-json\/wp\/v2\/users\/11"}],"replies":[{"embeddable":true,"href":"https:\/\/studiozawada.pl\/sklep\/wp-json\/wp\/v2\/comments?post=385"}],"version-history":[{"count":43,"href":"https:\/\/studiozawada.pl\/sklep\/wp-json\/wp\/v2\/pages\/385\/revisions"}],"predecessor-version":[{"id":1434,"href":"https:\/\/studiozawada.pl\/sklep\/wp-json\/wp\/v2\/pages\/385\/revisions\/1434"}],"wp:attachment":[{"href":"https:\/\/studiozawada.pl\/sklep\/wp-json\/wp\/v2\/media?parent=385"}],"curies":[{"name":"wp","href":"https:\/\/api.w.org\/{rel}","templated":true}]}}