{"id":350,"date":"2017-10-20T04:48:27","date_gmt":"2017-10-20T04:48:27","guid":{"rendered":"http:\/\/demoapus-wp.com\/greenorganic\/?page_id=350"},"modified":"2021-04-16T17:07:51","modified_gmt":"2021-04-16T15:07:51","slug":"kontakt","status":"publish","type":"page","link":"https:\/\/studiozawada.pl\/sklep\/kontakt\/","title":{"rendered":"Skontaktuj si\u0119 z nami"},"content":{"rendered":"<p>[vc_row][vc_column][vc_empty_space height=&#8221;70px&#8221; el_class=&#8221;hidden-xs hidden-sm&#8221;][vc_column_text]<iframe loading=\"lazy\" style=\"border: 0;\" src=\"https:\/\/www.google.com\/maps\/embed?pb=!1m18!1m12!1m3!1d10004.752273999193!2d18.47959264845244!3d51.178756523318484!2m3!1f0!2f0!3f0!3m2!1i1024!2i768!4f13.1!3m3!1m2!1s0x47108088bee4509b%3A0x686c4e03501bd4dd!2s98-345%20Mokrsko!5e0!3m2!1spl!2spl!4v1618571520105!5m2!1spl!2spl\" width=\"100%\" height=\"450\" allowfullscreen=\"allowfullscreen\"><\/iframe>[\/vc_column_text][vc_empty_space][vc_empty_space el_class=&#8221;hidden-xs hidden-sm&#8221;][apus_address members=&#8221;%5B%7B%22name%22%3A%22Nasza%20lokalizacja%3A%22%2C%22des%22%3A%22Mokrsko%20305E%2C%2098-345%20Mokrsko%22%7D%2C%7B%22name%22%3A%22Napisz%20do%20nas%3A%22%2C%22des%22%3A%22biuro%40omsdesign.pl%22%7D%2C%7B%22name%22%3A%22Zadzwo%C5%84%20do%20nas%22%2C%22des%22%3A%22tel.%20721-569-522%22%7D%5D&#8221;][vc_separator color=&#8221;custom&#8221; accent_color=&#8221;#ebebeb&#8221; css=&#8221;.vc_custom_1508483641072{margin-top: 40px !important;margin-bottom: 40px !important;}&#8221;][apus_title_heading style=&#8221;default&#8221; title=&#8221;Skontaktuj si\u0119 z nami !&#8221;]Wype\u0142nij poni\u017cszy formularz, aby b\u0142yskawicznie wys\u0142a\u0107 do nas wiadomo\u015b\u0107. Opowiemy najszybciej jak to mo\u017cliwe.[\/apus_title_heading][vc_empty_space height=&#8221;30px&#8221;]<div role=\"form\" class=\"wpcf7\" id=\"wpcf7-f373-o1\" lang=\"en-US\" dir=\"ltr\">\n<div class=\"screen-reader-response\"><p role=\"status\" aria-live=\"polite\" aria-atomic=\"true\"><\/p> <ul><\/ul><\/div>\n<form action=\"\/sklep\/wp-json\/wp\/v2\/pages\/350#wpcf7-f373-o1\" method=\"post\" class=\"wpcf7-form init\" novalidate=\"novalidate\" data-status=\"init\">\n<div style=\"display: none;\">\n<input type=\"hidden\" name=\"_wpcf7\" value=\"373\" \/>\n<input type=\"hidden\" name=\"_wpcf7_version\" value=\"5.4.1\" \/>\n<input type=\"hidden\" name=\"_wpcf7_locale\" value=\"en_US\" \/>\n<input type=\"hidden\" name=\"_wpcf7_unit_tag\" value=\"wpcf7-f373-o1\" \/>\n<input type=\"hidden\" name=\"_wpcf7_container_post\" value=\"0\" \/>\n<input type=\"hidden\" name=\"_wpcf7_posted_data_hash\" value=\"\" \/>\n<\/div>\n<div class=\"row form-contact1\">\n<div class=\"col-sm-4 col-xs-12\">\n<span class=\"wpcf7-form-control-wrap your-name\"><input type=\"text\" name=\"your-name\" value=\"\" size=\"40\" class=\"wpcf7-form-control wpcf7-text wpcf7-validates-as-required form-control\" aria-required=\"true\" aria-invalid=\"false\" placeholder=\"Nazwa\" \/><\/span>\n\t<\/div>\n<div class=\"col-sm-4 col-xs-12\">\n<span class=\"wpcf7-form-control-wrap your-email\"><input type=\"email\" name=\"your-email\" value=\"\" size=\"40\" class=\"wpcf7-form-control wpcf7-text wpcf7-email wpcf7-validates-as-required wpcf7-validates-as-email form-control\" aria-required=\"true\" aria-invalid=\"false\" placeholder=\"E-mail\" \/><\/span>\n\t<\/div>\n<div class=\"col-sm-4 col-xs-12\">\n<span class=\"wpcf7-form-control-wrap temat\"><input type=\"text\" name=\"temat\" value=\"\" size=\"40\" class=\"wpcf7-form-control wpcf7-text wpcf7-validates-as-required form-control\" aria-required=\"true\" aria-invalid=\"false\" placeholder=\"Temat\" \/><\/span>\n\t<\/div>\n<div class=\"col-xs-12\">\n\t\t<span class=\"wpcf7-form-control-wrap your-message\"><textarea name=\"your-message\" cols=\"40\" rows=\"10\" class=\"wpcf7-form-control wpcf7-textarea wpcf7-validates-as-required form-control\" aria-required=\"true\" aria-invalid=\"false\" placeholder=\"Wiadomo\u015b\u0107:\"><\/textarea><\/span>\n\t<\/div>\n<p><span class=\"wpcf7-form-control-wrap rodo\"><span class=\"wpcf7-form-control wpcf7-checkbox wpcf7-validates-as-required\"><span class=\"wpcf7-list-item first last\"><input type=\"checkbox\" name=\"rodo[]\" value=\"Zgadzam si\u0119 na przetwarzanie podanych danych w celu kontaktu. Dane wpisane w formularzu kontaktowym b\u0119d\u0105 przetwarzane w celu udzielenia odpowiedzi na przes\u0142ane zapytanie zgodnie z polityk\u0105 prywatno\u015bci. (wymagane)\" \/><span class=\"wpcf7-list-item-label\">Zgadzam si\u0119 na przetwarzanie podanych danych w celu kontaktu. Dane wpisane w formularzu kontaktowym b\u0119d\u0105 przetwarzane w celu udzielenia odpowiedzi na przes\u0142ane zapytanie zgodnie z polityk\u0105 prywatno\u015bci. (wymagane)<\/span><\/span><\/span><\/span><\/p>\n<div class=\"text-center wrapper-submit\">\n<input type=\"submit\" value=\"Wy\u015blij wiadomo\u015b\u0107\" class=\"wpcf7-form-control wpcf7-submit btn btn-theme\" \/>\n<\/div>\n<\/div>\n<div class=\"wpcf7-response-output\" aria-hidden=\"true\"><\/div><\/form><\/div>[vc_empty_space height=&#8221;50px&#8221;][vc_empty_space height=&#8221;50px&#8221; el_class=&#8221;hidden-xs hidden-sm&#8221;][\/vc_column][\/vc_row]<\/p>\n","protected":false},"excerpt":{"rendered":"<p>[vc_row][vc_column][vc_empty_space height=&#8221;70px&#8221; el_class=&#8221;hidden-xs hidden-sm&#8221;][vc_column_text][\/vc_column_text][vc_empty_space][vc_empty_space el_class=&#8221;hidden-xs hidden-sm&#8221;][apus_address members=&#8221;%5B%7B%22name%22%3A%22Nasza%20lokalizacja%3A%22%2C%22des%22%3A%22Mokrsko%20305E%2C%2098-345%20Mokrsko%22%7D%2C%7B%22name%22%3A%22Napisz%20do%20nas%3A%22%2C%22des%22%3A%22biuro%40omsdesign.pl%22%7D%2C%7B%22name%22%3A%22Zadzwo%C5%84%20do%20nas%22%2C%22des%22%3A%22tel.%20721-569-522%22%7D%5D&#8221;][vc_separator color=&#8221;custom&#8221; accent_color=&#8221;#ebebeb&#8221; css=&#8221;.vc_custom_1508483641072{margin-top: 40px !important;margin-bottom: 40px !important;}&#8221;][apus_title_heading style=&#8221;default&#8221; title=&#8221;Skontaktuj si\u0119 z nami !&#8221;]Wype\u0142nij poni\u017cszy formularz, aby b\u0142yskawicznie wys\u0142a\u0107 do nas wiadomo\u015b\u0107. Opowiemy najszybciej jak to mo\u017cliwe.[\/apus_title_heading][vc_empty_space height=&#8221;30px&#8221;][vc_empty_space height=&#8221;50px&#8221;][vc_empty_space height=&#8221;50px&#8221; el_class=&#8221;hidden-xs hidden-sm&#8221;][\/vc_column][\/vc_row]<\/p>\n","protected":false},"author":11,"featured_media":0,"parent":0,"menu_order":0,"comment_status":"closed","ping_status":"closed","template":"","meta":[],"_links":{"self":[{"href":"https:\/\/studiozawada.pl\/sklep\/wp-json\/wp\/v2\/pages\/350"}],"collection":[{"href":"https:\/\/studiozawada.pl\/sklep\/wp-json\/wp\/v2\/pages"}],"about":[{"href":"https:\/\/studiozawada.pl\/sklep\/wp-json\/wp\/v2\/types\/page"}],"author":[{"embeddable":true,"href":"https:\/\/studiozawada.pl\/sklep\/wp-json\/wp\/v2\/users\/11"}],"replies":[{"embeddable":true,"href":"https:\/\/studiozawada.pl\/sklep\/wp-json\/wp\/v2\/comments?post=350"}],"version-history":[{"count":15,"href":"https:\/\/studiozawada.pl\/sklep\/wp-json\/wp\/v2\/pages\/350\/revisions"}],"predecessor-version":[{"id":1448,"href":"https:\/\/studiozawada.pl\/sklep\/wp-json\/wp\/v2\/pages\/350\/revisions\/1448"}],"wp:attachment":[{"href":"https:\/\/studiozawada.pl\/sklep\/wp-json\/wp\/v2\/media?parent=350"}],"curies":[{"name":"wp","href":"https:\/\/api.w.org\/{rel}","templated":true}]}}