{"id":1473,"date":"2021-04-21T10:49:17","date_gmt":"2021-04-21T08:49:17","guid":{"rendered":"http:\/\/studiozawada.pl\/sklep\/?page_id=1473"},"modified":"2021-04-21T11:07:24","modified_gmt":"2021-04-21T09:07:24","slug":"koszt-dostawy","status":"publish","type":"page","link":"https:\/\/studiozawada.pl\/sklep\/koszt-dostawy\/","title":{"rendered":"Koszt dostawy"},"content":{"rendered":"<p>[vc_row][vc_column][vc_empty_space height=&#8221;50px&#8221;][\/vc_column][\/vc_row][vc_row][vc_column width=&#8221;1\/2&#8243;][vc_single_image image=&#8221;1482&#8243; img_size=&#8221;500x300px&#8221;][\/vc_column][vc_column width=&#8221;1\/2&#8243;][vc_column_text]<\/p>\n<h3>Koszty dostawy<\/h3>\n<ul>\n<li>\n<h4><strong>60z\u0142<\/strong> &#8211; w przypadku zakupu foteli,<\/h4>\n<\/li>\n<li>\n<h4><strong>GRATIS<\/strong> &#8211; w przypadku zakupu mebli loftowych.<\/h4>\n<\/li>\n<\/ul>\n<p>&nbsp;<\/p>\n<p>Wszystkie dostawy realizujemy za pomoc\u0105 kuriera, kt\u00f3ry dostarcza zam\u00f3wione towary pod wskazany przez Kupuj\u0105cego w formularzu adres.[\/vc_column_text][\/vc_column][\/vc_row][vc_row][vc_column][vc_empty_space height=&#8221;50px&#8221;][\/vc_column][\/vc_row]<\/p>\n","protected":false},"excerpt":{"rendered":"<p>[vc_row][vc_column][vc_empty_space height=&#8221;50px&#8221;][\/vc_column][\/vc_row][vc_row][vc_column width=&#8221;1\/2&#8243;][vc_single_image image=&#8221;1482&#8243; img_size=&#8221;500x300px&#8221;][\/vc_column][vc_column width=&#8221;1\/2&#8243;][vc_column_text] Koszty dostawy 60z\u0142 &#8211; w przypadku zakupu foteli, GRATIS &#8211; w przypadku zakupu mebli loftowych. &nbsp; Wszystkie dostawy realizujemy za pomoc\u0105 kuriera, kt\u00f3ry dostarcza zam\u00f3wione towary pod wskazany przez Kupuj\u0105cego w formularzu adres.[\/vc_column_text][\/vc_column][\/vc_row][vc_row][vc_column][vc_empty_space height=&#8221;50px&#8221;][\/vc_column][\/vc_row]<\/p>\n","protected":false},"author":11,"featured_media":0,"parent":0,"menu_order":0,"comment_status":"closed","ping_status":"open","template":"","meta":[],"_links":{"self":[{"href":"https:\/\/studiozawada.pl\/sklep\/wp-json\/wp\/v2\/pages\/1473"}],"collection":[{"href":"https:\/\/studiozawada.pl\/sklep\/wp-json\/wp\/v2\/pages"}],"about":[{"href":"https:\/\/studiozawada.pl\/sklep\/wp-json\/wp\/v2\/types\/page"}],"author":[{"embeddable":true,"href":"https:\/\/studiozawada.pl\/sklep\/wp-json\/wp\/v2\/users\/11"}],"replies":[{"embeddable":true,"href":"https:\/\/studiozawada.pl\/sklep\/wp-json\/wp\/v2\/comments?post=1473"}],"version-history":[{"count":11,"href":"https:\/\/studiozawada.pl\/sklep\/wp-json\/wp\/v2\/pages\/1473\/revisions"}],"predecessor-version":[{"id":1485,"href":"https:\/\/studiozawada.pl\/sklep\/wp-json\/wp\/v2\/pages\/1473\/revisions\/1485"}],"wp:attachment":[{"href":"https:\/\/studiozawada.pl\/sklep\/wp-json\/wp\/v2\/media?parent=1473"}],"curies":[{"name":"wp","href":"https:\/\/api.w.org\/{rel}","templated":true}]}}